{"id":18,"date":"2025-11-21T14:40:00","date_gmt":"2025-11-21T14:40:00","guid":{"rendered":"https:\/\/afro-teck.com\/?page_id=18"},"modified":"2025-11-30T10:33:44","modified_gmt":"2025-11-30T10:33:44","slug":"a-propos","status":"publish","type":"page","link":"https:\/\/afro-teck.com\/index.php\/a-propos\/","title":{"rendered":"\u00c0 propos"},"content":{"rendered":"\n<div class=\"wp-block-cover alignfull\" style=\"min-height:320px;aspect-ratio:unset;\"><span aria-hidden=\"true\" class=\"wp-block-cover__background has-nv-site-bg-background-color has-background-dim-100 has-background-dim\"><\/span><div class=\"wp-block-cover__inner-container is-layout-flow wp-block-cover-is-layout-flow\">\n<p><\/p>\n<\/div><\/div>\n\n\n\n<div class=\"wp-block-cover alignfull\" style=\"min-height:600px;aspect-ratio:unset;\"><span aria-hidden=\"true\" class=\"wp-block-cover__background has-nv-light-bg-background-color has-background-dim-100 has-background-dim\"><\/span><div class=\"wp-block-cover__inner-container is-layout-flow wp-block-cover-is-layout-flow\">\n<div class=\"wp-block-group\"><div class=\"wp-block-group__inner-container is-layout-flow wp-block-group-is-layout-flow\">\n<div style=\"height:80px\" aria-hidden=\"true\" class=\"wp-block-spacer\"><\/div>\n\n\n\n<div class=\"wp-block-columns are-vertically-aligned-center has-neve-text-color-color has-text-color is-layout-flex wp-container-core-columns-is-layout-9d6595d7 wp-block-columns-is-layout-flex\">\n<div class=\"wp-block-column is-vertically-aligned-center is-layout-flow wp-block-column-is-layout-flow\" style=\"padding-right:var(--wp--preset--spacing--30);padding-left:var(--wp--preset--spacing--30);flex-basis:50%\">\n<figure class=\"wp-block-image size-full is-resized has-custom-border\"><img loading=\"lazy\" decoding=\"async\" width=\"626\" height=\"417\" src=\"https:\/\/afro-teck.com\/wp-content\/uploads\/2025\/11\/equipe-jeunes-africains-au-bureau-au-travail_219728-4722.avif\" alt=\"\" class=\"wp-image-131\" style=\"border-radius:16px;width:489px;height:auto\" srcset=\"https:\/\/afro-teck.com\/wp-content\/uploads\/2025\/11\/equipe-jeunes-africains-au-bureau-au-travail_219728-4722.avif 626w, https:\/\/afro-teck.com\/wp-content\/uploads\/2025\/11\/equipe-jeunes-africains-au-bureau-au-travail_219728-4722-300x200.avif 300w\" sizes=\"auto, (max-width: 626px) 100vw, 626px\" \/><\/figure>\n<\/div>\n\n\n\n<div class=\"wp-block-column is-vertically-aligned-center is-layout-flow wp-block-column-is-layout-flow\" style=\"padding-top:0;padding-right:var(--wp--preset--spacing--30);padding-bottom:0;padding-left:var(--wp--preset--spacing--30);flex-basis:50%\">\n<h2 class=\"wp-block-heading has-neve-text-color-color has-text-color\">Qui sommes-nous ?<\/h2>\n\n\n\n<p class=\"has-neve-text-color-color has-text-color\">Passionn\u00e9s par le monde du digital, nous sommes sp\u00e9cialis\u00e9s en cr\u00e9ation de sites web et en r\u00e9daction web.<\/p>\n\n\n\n<p class=\"has-neve-text-color-color has-text-color\">Notre mission est d&rsquo;aider les entreprises et les entrepreneurs \u00e0 d\u00e9velopper leur pr\u00e9sence en ligne en leur proposant des solutions sur mesure. Forts de notre formation en ing\u00e9nierie et de notre expertise num\u00e9rique, nous transformons vos ambitions en r\u00e9sultats concrets.<\/p>\n\n\n\n<p>Cr\u00e9atifs, rigoureux et toujours \u00e0 l\u2019\u00e9coute de vos besoins, nous mettons nos comp\u00e9tences pointues en WordPress, PrestaShop et SEO (r\u00e9f\u00e9rencement naturel) au service de vos projets.<\/p>\n\n\n\n<p class=\"has-neve-text-color-color has-text-color\">Notre objectif : vous accompagner de A \u00e0 Z dans la r\u00e9alisation de vos id\u00e9es en concevant des sites web performants et en produisant du contenu de haute qualit\u00e9. Nous sommes votre partenaire pour r\u00e9ussir votre transformation digitale.<\/p>\n<\/div>\n<\/div>\n\n\n\n<div style=\"height:40px\" aria-hidden=\"true\" class=\"wp-block-spacer\"><\/div>\n<\/div><\/div>\n<\/div><\/div>\n\n\n\n<div class=\"wp-block-cover alignfull\" style=\"min-height:600px;aspect-ratio:unset;\"><span aria-hidden=\"true\" class=\"wp-block-cover__background has-nv-dark-bg-background-color has-background-dim-100 has-background-dim\"><\/span><div class=\"wp-block-cover__inner-container is-layout-flow wp-block-cover-is-layout-flow\">\n<div class=\"wp-block-group\"><div class=\"wp-block-group__inner-container is-layout-flow wp-block-group-is-layout-flow\">\n<div style=\"height:80px\" aria-hidden=\"true\" class=\"wp-block-spacer\"><\/div>\n\n\n\n<div class=\"wp-block-columns are-vertically-aligned-center is-layout-flex wp-container-core-columns-is-layout-9d6595d7 wp-block-columns-is-layout-flex\">\n<div class=\"wp-block-column is-vertically-aligned-center is-layout-flow wp-block-column-is-layout-flow\" style=\"padding-right:var(--wp--preset--spacing--30);padding-left:var(--wp--preset--spacing--30);flex-basis:50%\">\n<h2 class=\"wp-block-heading has-nv-text-dark-bg-color has-text-color\">Innovation web &amp; contenu.<\/h2>\n\n\n\n<p class=\"has-nv-text-dark-bg-color has-text-color\">Nous proposons des solutions cr\u00e9atives et sur mesure pour aider les entreprises et entrepreneurs \u00e0 renforcer leur pr\u00e9sence en ligne.<\/p>\n\n\n\n<div style=\"height:20px\" aria-hidden=\"true\" class=\"wp-block-spacer\"><\/div>\n<\/div>\n\n\n\n<div class=\"wp-block-column is-vertically-aligned-center is-layout-flow wp-block-column-is-layout-flow\" style=\"padding-right:var(--wp--preset--spacing--30);padding-left:var(--wp--preset--spacing--30);flex-basis:50%\">\n<figure class=\"wp-block-image size-full has-custom-border\"><img decoding=\"async\" src=\"https:\/\/afro-teck.com\/wp-content\/themes\/neve\/assets\/img\/starter-content\/neve-marketing-agency-16.png\" alt=\"\" style=\"border-radius:16px\"\/><\/figure>\n<\/div>\n<\/div>\n\n\n\n<div style=\"height:40px\" aria-hidden=\"true\" class=\"wp-block-spacer\"><\/div>\n<\/div><\/div>\n<\/div><\/div>\n\n\n\n<div class=\"wp-block-cover alignfull\" style=\"min-height:420px;aspect-ratio:unset;\"><span aria-hidden=\"true\" class=\"wp-block-cover__background has-nv-site-bg-background-color has-background-dim-100 has-background-dim\"><\/span><div class=\"wp-block-cover__inner-container is-layout-flow wp-block-cover-is-layout-flow\">\n<div style=\"height:80px\" aria-hidden=\"true\" class=\"wp-block-spacer\"><\/div>\n\n\n\n<div class=\"wp-block-columns is-layout-flex wp-container-core-columns-is-layout-9d6595d7 wp-block-columns-is-layout-flex\">\n<div class=\"wp-block-column ticss-4ce656f1 is-layout-flow wp-block-column-is-layout-flow\" style=\"padding-right:var(--wp--preset--spacing--30);padding-left:var(--wp--preset--spacing--30)\">\n<figure class=\"wp-block-image size-full icon-style is-style-default\"><img decoding=\"async\" src=\"https:\/\/afro-teck.com\/wp-content\/themes\/neve\/assets\/img\/starter-content\/neve-marketing-icon-1.png\" alt=\"\"\/><\/figure>\n\n\n\n<div style=\"height:24px\" aria-hidden=\"true\" class=\"wp-block-spacer\"><\/div>\n\n\n\n<h3 class=\"wp-block-heading has-text-align-left has-text-align-center has-neve-text-color-color has-text-color\">Innovation de Plateforme<\/h3>\n\n\n\n<p class=\"has-text-align-left has-neve-text-color-color has-text-color\">Mise en place d&rsquo;un CMS headless pour centraliser la gestion de contenu, garantissant une exp\u00e9rience utilisateur rapide et coh\u00e9rente sur le web, le mobile et les autres interfaces.<\/p>\n\n\n\n<div style=\"height:20px\" aria-hidden=\"true\" class=\"wp-block-spacer\"><\/div>\n<\/div>\n\n\n\n<div class=\"wp-block-column ticss-f6fc7494 is-layout-flow wp-block-column-is-layout-flow\" style=\"padding-right:var(--wp--preset--spacing--30);padding-left:var(--wp--preset--spacing--30)\">\n<figure class=\"wp-block-image size-full icon-style is-style-default\"><img decoding=\"async\" src=\"https:\/\/afro-teck.com\/wp-content\/themes\/neve\/assets\/img\/starter-content\/neve-marketing-icon-2.png\" alt=\"\"\/><\/figure>\n\n\n\n<div style=\"height:24px\" aria-hidden=\"true\" class=\"wp-block-spacer\"><\/div>\n\n\n\n<h3 class=\"wp-block-heading has-text-align-left has-text-align-center has-neve-text-color-color has-text-color\">Innovation de Contenu<\/h3>\n\n\n\n<p class=\"has-text-align-left has-neve-text-color-color has-text-color\">Cr\u00e9ation de vid\u00e9os interactives et <em>shoppables<\/em> qui transforment l&rsquo;engagement du spectateur en un acte d&rsquo;achat direct, fusionnant divertissement et e-commerce.<\/p>\n\n\n\n<div style=\"height:20px\" aria-hidden=\"true\" class=\"wp-block-spacer\"><\/div>\n<\/div>\n\n\n\n<div class=\"wp-block-column ticss-a5b4df29 is-layout-flow wp-block-column-is-layout-flow\" style=\"padding-right:var(--wp--preset--spacing--30);padding-left:var(--wp--preset--spacing--30)\">\n<figure class=\"wp-block-image size-full icon-style is-style-default\"><img decoding=\"async\" src=\"https:\/\/afro-teck.com\/wp-content\/themes\/neve\/assets\/img\/starter-content\/neve-marketing-icon-3.1.png\" alt=\"\"\/><\/figure>\n\n\n\n<div style=\"height:24px\" aria-hidden=\"true\" class=\"wp-block-spacer\"><\/div>\n\n\n\n<h3 class=\"wp-block-heading has-text-align-left has-text-align-center has-neve-text-color-color has-text-color\">Innovation Fonctionnelle<\/h3>\n\n\n\n<p class=\"has-text-align-left has-neve-text-color-color has-text-color\">D\u00e9veloppement d&rsquo;un outil de simulation ou de calcul sur mesure pour offrir une valeur imm\u00e9diate au visiteur, agissant comme un puissant aimant \u00e0 leads qualifi\u00e9s pour l&rsquo;entreprise.<\/p>\n\n\n\n<div style=\"height:20px\" aria-hidden=\"true\" class=\"wp-block-spacer\"><\/div>\n<\/div>\n<\/div>\n\n\n\n<div style=\"height:30px\" aria-hidden=\"true\" class=\"wp-block-spacer\"><\/div>\n<\/div><\/div>\n\n\n\n<p><\/p>\n","protected":false},"excerpt":{"rendered":"","protected":false},"author":1,"featured_media":0,"parent":0,"menu_order":0,"comment_status":"closed","ping_status":"closed","template":"","meta":{"neve_meta_sidebar":"","neve_meta_container":"","neve_meta_enable_content_width":"on","neve_meta_content_width":100,"neve_meta_title_alignment":"","neve_meta_author_avatar":"","neve_post_elements_order":"","neve_meta_disable_header":"","neve_meta_disable_footer":"","neve_meta_disable_title":"on","footnotes":""},"class_list":["post-18","page","type-page","status-publish","hentry"],"_links":{"self":[{"href":"https:\/\/afro-teck.com\/index.php\/wp-json\/wp\/v2\/pages\/18","targetHints":{"allow":["GET"]}}],"collection":[{"href":"https:\/\/afro-teck.com\/index.php\/wp-json\/wp\/v2\/pages"}],"about":[{"href":"https:\/\/afro-teck.com\/index.php\/wp-json\/wp\/v2\/types\/page"}],"author":[{"embeddable":true,"href":"https:\/\/afro-teck.com\/index.php\/wp-json\/wp\/v2\/users\/1"}],"replies":[{"embeddable":true,"href":"https:\/\/afro-teck.com\/index.php\/wp-json\/wp\/v2\/comments?post=18"}],"version-history":[{"count":10,"href":"https:\/\/afro-teck.com\/index.php\/wp-json\/wp\/v2\/pages\/18\/revisions"}],"predecessor-version":[{"id":139,"href":"https:\/\/afro-teck.com\/index.php\/wp-json\/wp\/v2\/pages\/18\/revisions\/139"}],"wp:attachment":[{"href":"https:\/\/afro-teck.com\/index.php\/wp-json\/wp\/v2\/media?parent=18"}],"curies":[{"name":"wp","href":"https:\/\/api.w.org\/{rel}","templated":true}]}}